{"id":192,"date":"2023-10-07T05:44:06","date_gmt":"2023-10-07T05:44:06","guid":{"rendered":"https:\/\/torbalideniznakliyat.com\/?page_id=192"},"modified":"2023-10-09T22:47:50","modified_gmt":"2023-10-09T22:47:50","slug":"blog","status":"publish","type":"page","link":"https:\/\/torbalideniznakliyat.com\/index.php\/blog\/","title":{"rendered":"Blog"},"content":{"rendered":"\n<div id=\"wp-block-themeisle-blocks-advanced-columns-2c60bc77\" class=\"wp-block-themeisle-blocks-advanced-columns alignfull has-1-columns has-desktop-equal-layout has-tablet-equal-layout has-mobile-collapsedRows-layout has-reverse-columns-mobile has-vertical-center ticss-c00aadba\"><div class=\"wp-block-themeisle-blocks-advanced-columns-overlay\"><\/div><div class=\"innerblocks-wrap\">\n<div id=\"wp-block-themeisle-blocks-advanced-column-75b9263d\" class=\"wp-block-themeisle-blocks-advanced-column\">\n<h1 id=\"wp-block-themeisle-blocks-advanced-heading-5d5675df\" class=\"wp-block-themeisle-blocks-advanced-heading wp-block-themeisle-blocks-advanced-heading-5d5675df\">BLOG<\/h1>\n<\/div>\n<\/div><\/div>\n\n\n\n<div class=\"wp-block-query is-layout-flow wp-block-query-is-layout-flow\">\n\n\n<div style=\"height:61px\" aria-hidden=\"true\" class=\"wp-block-spacer\"><\/div>\n\n\n<ul class=\"columns-3 wp-block-post-template is-layout-grid wp-container-core-post-template-is-layout-6aac66c0 wp-block-post-template-is-layout-grid\"><li class=\"wp-block-post post-633 post type-post status-publish format-standard has-post-thumbnail hentry category-uncategorized\">\n\n<div class=\"wp-block-group is-layout-flow wp-block-group-is-layout-flow\"><figure style=\"height:400px;\" class=\"wp-block-post-featured-image\"><a href=\"https:\/\/torbalideniznakliyat.com\/index.php\/2023\/10\/09\/nakliyat-surecinde-nasil-tasarruf-edilir\/\" target=\"_self\"  style=\"height:400px\"><img loading=\"lazy\" decoding=\"async\" width=\"996\" height=\"664\" src=\"https:\/\/torbalideniznakliyat.com\/wp-content\/uploads\/2023\/10\/moving-dayxa_329181-12595-jpg.webp\" class=\"attachment-post-thumbnail size-post-thumbnail not-transparent wp-post-image\" alt=\"Nakliyat S\u00fcrecinde Nas\u0131l Tasarruf Edilir?\" style=\"--dominant-color: #b69d8c;border-radius:10px;height:400px;object-fit:cover;\" srcset=\"https:\/\/torbalideniznakliyat.com\/wp-content\/uploads\/2023\/10\/moving-dayxa_329181-12595-jpg.webp 996w, https:\/\/torbalideniznakliyat.com\/wp-content\/uploads\/2023\/10\/moving-dayxa_329181-12595-300x200.webp 300w, https:\/\/torbalideniznakliyat.com\/wp-content\/uploads\/2023\/10\/moving-dayxa_329181-12595-768x512.webp 768w\" sizes=\"auto, (max-width: 996px) 100vw, 996px\" data-has-transparency=\"false\" data-dominant-color=\"b69d8c\" title=\"\"><\/a><\/figure>\n\n<div class=\"wp-block-post-date\"><time datetime=\"2023-10-09T22:31:07+00:00\"><a href=\"https:\/\/torbalideniznakliyat.com\/index.php\/2023\/10\/09\/nakliyat-surecinde-nasil-tasarruf-edilir\/\">Ekim 9, 2023<\/a><\/time><\/div>\n\n<h2 style=\"font-style:normal;font-weight:700; padding-top:0;padding-bottom:0;margin-top:0;margin-bottom:0;\" class=\"wp-block-post-title has-text-color has-black-color has-medium-font-size\"><a href=\"https:\/\/torbalideniznakliyat.com\/index.php\/2023\/10\/09\/nakliyat-surecinde-nasil-tasarruf-edilir\/\" target=\"_self\" >Nakliyat S\u00fcrecinde Nas\u0131l Tasarruf Edilir?<\/a><\/h2><\/div>\n\n<\/li><li class=\"wp-block-post post-630 post type-post status-publish format-standard has-post-thumbnail hentry category-uncategorized\">\n\n<div class=\"wp-block-group is-layout-flow wp-block-group-is-layout-flow\"><figure style=\"height:400px;\" class=\"wp-block-post-featured-image\"><a href=\"https:\/\/torbalideniznakliyat.com\/index.php\/2023\/10\/09\/nakliyat-sigortasi-nedir-ve-neden-onemlidir\/\" target=\"_self\"  style=\"height:400px\"><img loading=\"lazy\" decoding=\"async\" width=\"996\" height=\"662\" src=\"https:\/\/torbalideniznakliyat.com\/wp-content\/uploads\/2023\/10\/close-up-delivery-man-with-boxes_23-2149035950-jpg.webp\" class=\"attachment-post-thumbnail size-post-thumbnail not-transparent wp-post-image\" alt=\"Nakliyat Sigortas\u0131 Nedir ve Neden \u00d6nemlidir?\" style=\"--dominant-color: #836e65;border-radius:10px;height:400px;object-fit:cover;\" srcset=\"https:\/\/torbalideniznakliyat.com\/wp-content\/uploads\/2023\/10\/close-up-delivery-man-with-boxes_23-2149035950-jpg.webp 996w, https:\/\/torbalideniznakliyat.com\/wp-content\/uploads\/2023\/10\/close-up-delivery-man-with-boxes_23-2149035950-300x199.webp 300w, https:\/\/torbalideniznakliyat.com\/wp-content\/uploads\/2023\/10\/close-up-delivery-man-with-boxes_23-2149035950-768x510.webp 768w\" sizes=\"auto, (max-width: 996px) 100vw, 996px\" data-has-transparency=\"false\" data-dominant-color=\"836e65\" title=\"\"><\/a><\/figure>\n\n<div class=\"wp-block-post-date\"><time datetime=\"2023-10-09T22:22:07+00:00\"><a href=\"https:\/\/torbalideniznakliyat.com\/index.php\/2023\/10\/09\/nakliyat-sigortasi-nedir-ve-neden-onemlidir\/\">Ekim 9, 2023<\/a><\/time><\/div>\n\n<h2 style=\"font-style:normal;font-weight:700; padding-top:0;padding-bottom:0;margin-top:0;margin-bottom:0;\" class=\"wp-block-post-title has-text-color has-black-color has-medium-font-size\"><a href=\"https:\/\/torbalideniznakliyat.com\/index.php\/2023\/10\/09\/nakliyat-sigortasi-nedir-ve-neden-onemlidir\/\" target=\"_self\" >Nakliyat Sigortas\u0131 Nedir ve Neden \u00d6nemlidir?<\/a><\/h2><\/div>\n\n<\/li><li class=\"wp-block-post post-627 post type-post status-publish format-standard has-post-thumbnail hentry category-uncategorized\">\n\n<div class=\"wp-block-group is-layout-flow wp-block-group-is-layout-flow\"><figure style=\"height:400px;\" class=\"wp-block-post-featured-image\"><a href=\"https:\/\/torbalideniznakliyat.com\/index.php\/2023\/10\/09\/nakliyat-firmasi-secerken-nelere-dikkat-edilmeli\/\" target=\"_self\"  style=\"height:400px\"><img loading=\"lazy\" decoding=\"async\" width=\"996\" height=\"663\" src=\"https:\/\/torbalideniznakliyat.com\/wp-content\/uploads\/2023\/10\/couple-packing-stuff-among-plenty-cardboard-boxes_329181-18184-jpg.webp\" class=\"attachment-post-thumbnail size-post-thumbnail not-transparent wp-post-image\" alt=\"Nakliyat Firmas\u0131 Se\u00e7erken Nelere Dikkat Edilmeli?\" style=\"--dominant-color: #b49c87;border-radius:10px;height:400px;object-fit:cover;\" srcset=\"https:\/\/torbalideniznakliyat.com\/wp-content\/uploads\/2023\/10\/couple-packing-stuff-among-plenty-cardboard-boxes_329181-18184-jpg.webp 996w, https:\/\/torbalideniznakliyat.com\/wp-content\/uploads\/2023\/10\/couple-packing-stuff-among-plenty-cardboard-boxes_329181-18184-300x200.webp 300w, https:\/\/torbalideniznakliyat.com\/wp-content\/uploads\/2023\/10\/couple-packing-stuff-among-plenty-cardboard-boxes_329181-18184-768x511.webp 768w\" sizes=\"auto, (max-width: 996px) 100vw, 996px\" data-has-transparency=\"false\" data-dominant-color=\"b49c87\" title=\"\"><\/a><\/figure>\n\n<div class=\"wp-block-post-date\"><time datetime=\"2023-10-09T22:14:08+00:00\"><a href=\"https:\/\/torbalideniznakliyat.com\/index.php\/2023\/10\/09\/nakliyat-firmasi-secerken-nelere-dikkat-edilmeli\/\">Ekim 9, 2023<\/a><\/time><\/div>\n\n<h2 style=\"font-style:normal;font-weight:700; padding-top:0;padding-bottom:0;margin-top:0;margin-bottom:0;\" class=\"wp-block-post-title has-text-color has-black-color has-medium-font-size\"><a href=\"https:\/\/torbalideniznakliyat.com\/index.php\/2023\/10\/09\/nakliyat-firmasi-secerken-nelere-dikkat-edilmeli\/\" target=\"_self\" >Nakliyat Firmas\u0131 Se\u00e7erken Nelere Dikkat Edilmeli?<\/a><\/h2><\/div>\n\n<\/li><\/ul>\n\n\n<div style=\"height:61px\" aria-hidden=\"true\" class=\"wp-block-spacer\"><\/div>\n\n\n\n\n\n\n\n<div class=\"wp-block-group alignfull has-background-background-color has-background has-global-padding is-layout-constrained wp-block-group-is-layout-constrained\" style=\"margin-top:0px;margin-bottom:0px;padding-top:var(--wp--preset--spacing--xx-large);padding-bottom:var(--wp--preset--spacing--xx-large)\">\n<div class=\"wp-block-group alignwide is-layout-flow wp-block-group-is-layout-flow\">\n<div class=\"wp-block-columns is-layout-flex wp-container-core-columns-is-layout-28f84493 wp-block-columns-is-layout-flex\">\n<div class=\"wp-block-column is-layout-flow wp-block-column-is-layout-flow\">\n<p id=\"wp-block-themeisle-blocks-advanced-heading-f725736f\" class=\"wp-block-themeisle-blocks-advanced-heading wp-block-themeisle-blocks-advanced-heading-f725736f\"><strong>YARDIMA MI \u0130HT\u0130YACINIZ VAR?  \u2501\u2501<\/strong><\/p>\n\n\n\n<h2 class=\"wp-block-heading has-black-color has-text-color has-x-large-font-size\" style=\"margin-top:0.25rem\"><strong>Hemen ileti\u015fime ge\u00e7in<\/strong><\/h2>\n<\/div>\n\n\n\n<div class=\"wp-block-column is-layout-flow wp-block-column-is-layout-flow\">\n<p>Torbal\u0131 Deniz Nakliyat olarak, sizlere en iyi hizmeti sunmak i\u00e7in her zaman yan\u0131n\u0131zday\u0131z. Nakliye ihtiya\u00e7lar\u0131n\u0131z\u0131 bire bir ele alarak, sizlere \u00f6zel \u00e7\u00f6z\u00fcmler sunuyoruz. Ofisimizi ziyaret ederek, s\u0131cak bir \u00e7ay e\u015fli\u011finde nakliye ihtiya\u00e7lar\u0131n\u0131z hakk\u0131nda daha detayl\u0131 bilgi alabilirsiniz.<\/p>\n\n\n\n<div class=\"wp-block-buttons is-layout-flex wp-block-buttons-is-layout-flex\" style=\"margin-top:var(--wp--preset--spacing--medium)\">\n<div class=\"wp-block-button\"><a class=\"wp-block-button__link has-background wp-element-button\" href=\"https:\/\/torbalideniznakliyat.com\/index.php\/iletisim\/\" style=\"border-radius:100px;background-color:#1f4172\">Bize ula\u015f\u0131n \u2192<\/a><\/div>\n<\/div>\n<\/div>\n<\/div>\n<\/div>\n<\/div>\n<\/div>\n","protected":false},"excerpt":{"rendered":"","protected":false},"author":1,"featured_media":0,"parent":0,"menu_order":0,"comment_status":"closed","ping_status":"closed","template":"no-title-space","meta":{"_themeisle_gutenberg_block_has_review":false,"footnotes":""},"class_list":["post-192","page","type-page","status-publish","hentry"],"acf":[],"_links":{"self":[{"href":"https:\/\/torbalideniznakliyat.com\/index.php\/wp-json\/wp\/v2\/pages\/192","targetHints":{"allow":["GET"]}}],"collection":[{"href":"https:\/\/torbalideniznakliyat.com\/index.php\/wp-json\/wp\/v2\/pages"}],"about":[{"href":"https:\/\/torbalideniznakliyat.com\/index.php\/wp-json\/wp\/v2\/types\/page"}],"author":[{"embeddable":true,"href":"https:\/\/torbalideniznakliyat.com\/index.php\/wp-json\/wp\/v2\/users\/1"}],"replies":[{"embeddable":true,"href":"https:\/\/torbalideniznakliyat.com\/index.php\/wp-json\/wp\/v2\/comments?post=192"}],"version-history":[{"count":7,"href":"https:\/\/torbalideniznakliyat.com\/index.php\/wp-json\/wp\/v2\/pages\/192\/revisions"}],"predecessor-version":[{"id":644,"href":"https:\/\/torbalideniznakliyat.com\/index.php\/wp-json\/wp\/v2\/pages\/192\/revisions\/644"}],"wp:attachment":[{"href":"https:\/\/torbalideniznakliyat.com\/index.php\/wp-json\/wp\/v2\/media?parent=192"}],"curies":[{"name":"wp","href":"https:\/\/api.w.org\/{rel}","templated":true}]}}