{"id":196,"date":"2023-10-07T05:47:22","date_gmt":"2023-10-07T05:47:22","guid":{"rendered":"https:\/\/torbalideniznakliyat.com\/?page_id=196"},"modified":"2023-12-31T01:30:47","modified_gmt":"2023-12-31T01:30:47","slug":"hizmetler","status":"publish","type":"page","link":"https:\/\/torbalideniznakliyat.com\/index.php\/hizmetler\/","title":{"rendered":"Hizmetler"},"content":{"rendered":"\n<div id=\"wp-block-themeisle-blocks-advanced-columns-2c60bc77\" class=\"wp-block-themeisle-blocks-advanced-columns alignfull has-1-columns has-desktop-equal-layout has-tablet-equal-layout has-mobile-collapsedRows-layout has-reverse-columns-mobile has-vertical-center ticss-c00aadba\"><div class=\"wp-block-themeisle-blocks-advanced-columns-overlay\"><\/div><div class=\"innerblocks-wrap\">\n<div id=\"wp-block-themeisle-blocks-advanced-column-75b9263d\" class=\"wp-block-themeisle-blocks-advanced-column\">\n<h1 id=\"wp-block-themeisle-blocks-advanced-heading-5d5675df\" class=\"wp-block-themeisle-blocks-advanced-heading wp-block-themeisle-blocks-advanced-heading-5d5675df\">H\u0130ZMETLER<\/h1>\n<\/div>\n<\/div><\/div>\n\n\n\n<div style=\"height:31px\" aria-hidden=\"true\" class=\"wp-block-spacer\"><\/div>\n\n\n\n<div class=\"wp-block-group has-global-padding is-layout-constrained wp-container-core-group-is-layout-520232fb wp-block-group-is-layout-constrained\" style=\"min-height:0px;padding-right:0;padding-left:0\">\n<p id=\"wp-block-themeisle-blocks-advanced-heading-25f0ab4d\" class=\"wp-block-themeisle-blocks-advanced-heading wp-block-themeisle-blocks-advanced-heading-25f0ab4d\"><strong>Hizmetlerimiz Neler  \u2501\u2501<\/strong><\/p>\n\n\n\n<h2 id=\"wp-block-themeisle-blocks-advanced-heading-bda0c51f\" class=\"wp-block-themeisle-blocks-advanced-heading wp-block-themeisle-blocks-advanced-heading-bda0c51f\"><strong>Taleplere G\u00f6re \u00c7e\u015fitli Nakliye Hizmetlerimiz<\/strong><\/h2>\n<\/div>\n\n\n\n<div style=\"height:30px\" aria-hidden=\"true\" class=\"wp-block-spacer\"><\/div>\n\n\n\n<div id=\"wp-block-themeisle-blocks-advanced-columns-55b78b58\" class=\"wp-block-themeisle-blocks-advanced-columns alignfull has-2-columns has-desktop-equal-layout has-tablet-equal-layout has-mobile-collapsedRows-layout has-vertical-center ticss-c00aadba\"><div class=\"wp-block-themeisle-blocks-advanced-columns-overlay\"><\/div><div class=\"innerblocks-wrap\">\n<div id=\"wp-block-themeisle-blocks-advanced-column-d16eef57\" class=\"wp-block-themeisle-blocks-advanced-column\">\n<figure class=\"wp-block-image aligncenter size-large has-custom-border\"><img data-dominant-color=\"71869d\" data-has-transparency=\"false\" loading=\"lazy\" decoding=\"async\" width=\"768\" height=\"1024\" src=\"https:\/\/torbalideniznakliyat.com\/wp-content\/uploads\/2023\/10\/IMG-20231005-WA0006-768x1024.webp\" alt=\"\" class=\"not-transparent wp-image-346\" style=\"--dominant-color: #71869d; border-radius:16px;aspect-ratio:4\/3;object-fit:cover\" title=\"\" srcset=\"https:\/\/torbalideniznakliyat.com\/wp-content\/uploads\/2023\/10\/IMG-20231005-WA0006-768x1024.webp 768w, https:\/\/torbalideniznakliyat.com\/wp-content\/uploads\/2023\/10\/IMG-20231005-WA0006-225x300.webp 225w, https:\/\/torbalideniznakliyat.com\/wp-content\/uploads\/2023\/10\/IMG-20231005-WA0006-1152x1536.webp 1152w, https:\/\/torbalideniznakliyat.com\/wp-content\/uploads\/2023\/10\/IMG-20231005-WA0006-jpg.webp 1200w\" sizes=\"auto, (max-width: 768px) 100vw, 768px\" \/><\/figure>\n\n\n\n<div class=\"wp-block-group is-content-justification-center is-nowrap is-layout-flex wp-container-core-group-is-layout-23441af8 wp-block-group-is-layout-flex\">\n<h3 id=\"wp-block-themeisle-blocks-advanced-heading-af4a6933\" class=\"wp-block-themeisle-blocks-advanced-heading wp-block-themeisle-blocks-advanced-heading-af4a6933\"><strong>Evden Eve Nakliyat<\/strong><\/h3>\n\n\n\n<div id=\"wp-block-themeisle-blocks-font-awesome-icons-6e930901\" class=\"wp-block-themeisle-blocks-font-awesome-icons\"><span class=\"wp-block-themeisle-blocks-font-awesome-icons-container\"><i class=\"fas fa-box-open\"><\/i><\/span><\/div>\n<\/div>\n\n\n\n<p class=\"has-text-align-center\">Evden eve nakliyat hizmeti, ev e\u015fyalar\u0131n\u0131z\u0131 g\u00fcvenli, h\u0131zl\u0131 ve uygun fiyatl\u0131 bir \u015fekilde istedi\u011finiz yere ta\u015f\u0131mak demektir. Deniz Nakliyat olarak, evden eve nakliyat hizmeti veren bir \u015firketiz. E\u015fyalar\u0131n\u0131z\u0131 kaliteli, hijyenik ve dayan\u0131kl\u0131 ambalaj malzemeleri ile paketler ve istedi\u011finiz yere ta\u015f\u0131r\u0131z.<\/p>\n<\/div>\n\n\n\n<div id=\"wp-block-themeisle-blocks-advanced-column-bd1b0b6b\" class=\"wp-block-themeisle-blocks-advanced-column\">\n<figure class=\"wp-block-image aligncenter size-full has-custom-border\"><img data-dominant-color=\"9c9e9e\" data-has-transparency=\"false\" loading=\"lazy\" decoding=\"async\" width=\"996\" height=\"664\" src=\"https:\/\/torbalideniznakliyat.com\/wp-content\/uploads\/2023\/10\/young-courier-his-colleague-unloading-cardboard-boxes-from-delivery-van_637285-2293-jpg.webp\" alt=\"\" class=\"not-transparent wp-image-462\" style=\"--dominant-color: #9c9e9e; border-radius:16px;aspect-ratio:4\/3;object-fit:cover\" title=\"\" srcset=\"https:\/\/torbalideniznakliyat.com\/wp-content\/uploads\/2023\/10\/young-courier-his-colleague-unloading-cardboard-boxes-from-delivery-van_637285-2293-jpg.webp 996w, https:\/\/torbalideniznakliyat.com\/wp-content\/uploads\/2023\/10\/young-courier-his-colleague-unloading-cardboard-boxes-from-delivery-van_637285-2293-300x200.webp 300w, https:\/\/torbalideniznakliyat.com\/wp-content\/uploads\/2023\/10\/young-courier-his-colleague-unloading-cardboard-boxes-from-delivery-van_637285-2293-768x512.webp 768w\" sizes=\"auto, (max-width: 996px) 100vw, 996px\" \/><\/figure>\n\n\n\n<div class=\"wp-block-group is-content-justification-center is-nowrap is-layout-flex wp-container-core-group-is-layout-23441af8 wp-block-group-is-layout-flex\">\n<h3 id=\"wp-block-themeisle-blocks-advanced-heading-91e3d2bc\" class=\"wp-block-themeisle-blocks-advanced-heading wp-block-themeisle-blocks-advanced-heading-91e3d2bc\"><strong>\u0130\u015fyeri Ta\u015f\u0131mac\u0131l\u0131\u011f\u0131<\/strong><\/h3>\n\n\n\n<div id=\"wp-block-themeisle-blocks-font-awesome-icons-9e8f7991\" class=\"wp-block-themeisle-blocks-font-awesome-icons\"><span class=\"wp-block-themeisle-blocks-font-awesome-icons-container\"><i class=\"fas fa-box\"><\/i><\/span><\/div>\n<\/div>\n\n\n\n<p class=\"has-text-align-center\">Ofis, b\u00fcro, i\u015fyeri ta\u015f\u0131mac\u0131l\u0131\u011f\u0131 hizmeti, ofis ve i\u015fyeri e\u015fyalar\u0131n\u0131z\u0131 profesyonel, titiz ve ekonomik bir \u015fekilde istedi\u011finiz yere ta\u015f\u0131mak demektir. Deniz Nakliyat olarak, ofis, b\u00fcro i\u015fyeri ta\u015f\u0131mac\u0131l\u0131\u011f\u0131 hizmeti veren bir \u015firketiz. E\u015fyalar\u0131n\u0131z\u0131 son teknoloji asans\u00f6r sistemleri ile ta\u015f\u0131r ve istedi\u011finiz yere yerle\u015ftiririz. <\/p>\n<\/div>\n<\/div><\/div>\n\n\n\n<div id=\"wp-block-themeisle-blocks-advanced-columns-7a9554df\" class=\"wp-block-themeisle-blocks-advanced-columns alignfull has-2-columns has-desktop-equal-layout has-tablet-equal-layout has-mobile-collapsedRows-layout has-vertical-center ticss-c00aadba\"><div class=\"wp-block-themeisle-blocks-advanced-columns-overlay\"><\/div><div class=\"innerblocks-wrap\">\n<div id=\"wp-block-themeisle-blocks-advanced-column-1391b3e4\" class=\"wp-block-themeisle-blocks-advanced-column\">\n<figure class=\"wp-block-image aligncenter size-full has-custom-border\"><img data-dominant-color=\"8d7d76\" data-has-transparency=\"false\" loading=\"lazy\" decoding=\"async\" width=\"996\" height=\"664\" src=\"https:\/\/torbalideniznakliyat.com\/wp-content\/uploads\/2023\/10\/medium-shot-delivery-man-holding-box_23-2149103440-jpg.webp\" alt=\"\" class=\"not-transparent wp-image-485\" style=\"--dominant-color: #8d7d76; border-radius:16px;aspect-ratio:4\/3;object-fit:cover\" title=\"\" srcset=\"https:\/\/torbalideniznakliyat.com\/wp-content\/uploads\/2023\/10\/medium-shot-delivery-man-holding-box_23-2149103440-jpg.webp 996w, https:\/\/torbalideniznakliyat.com\/wp-content\/uploads\/2023\/10\/medium-shot-delivery-man-holding-box_23-2149103440-300x200.webp 300w, https:\/\/torbalideniznakliyat.com\/wp-content\/uploads\/2023\/10\/medium-shot-delivery-man-holding-box_23-2149103440-768x512.webp 768w\" sizes=\"auto, (max-width: 996px) 100vw, 996px\" \/><\/figure>\n\n\n\n<div class=\"wp-block-group is-content-justification-center is-nowrap is-layout-flex wp-container-core-group-is-layout-23441af8 wp-block-group-is-layout-flex\">\n<h3 id=\"wp-block-themeisle-blocks-advanced-heading-0cd70d46\" class=\"wp-block-themeisle-blocks-advanced-heading wp-block-themeisle-blocks-advanced-heading-0cd70d46\"><strong>Depo Ta\u015f\u0131mac\u0131l\u0131\u011f\u0131<\/strong><\/h3>\n\n\n\n<div id=\"wp-block-themeisle-blocks-font-awesome-icons-7439c9d3\" class=\"wp-block-themeisle-blocks-font-awesome-icons\"><span class=\"wp-block-themeisle-blocks-font-awesome-icons-container\"><i class=\"fas fa-boxes\"><\/i><\/span><\/div>\n<\/div>\n\n\n\n<p class=\"has-text-align-center\">Depo ta\u015f\u0131mac\u0131l\u0131\u011f\u0131 hizmeti, depo e\u015fyalar\u0131n\u0131z\u0131 modern, g\u00fcvenilir ve uygun fiyatl\u0131 bir \u015fekilde istedi\u011finiz yere ta\u015f\u0131mak demektir. Deniz Nakliyat olarak, depo ta\u015f\u0131mac\u0131l\u0131\u011f\u0131 hizmeti veren bir \u015firketiz. E\u015fyalar\u0131n\u0131z\u0131 kaliteli, hijyenik ve dayan\u0131kl\u0131 ambalaj malzemeleri ile paketler ve istedi\u011finiz yere ta\u015f\u0131r\u0131z. <\/p>\n<\/div>\n\n\n\n<div id=\"wp-block-themeisle-blocks-advanced-column-4df79222\" class=\"wp-block-themeisle-blocks-advanced-column\">\n<figure class=\"wp-block-image aligncenter size-large has-custom-border\"><img data-dominant-color=\"7a7a77\" data-has-transparency=\"false\" loading=\"lazy\" decoding=\"async\" width=\"768\" height=\"1024\" src=\"https:\/\/torbalideniznakliyat.com\/wp-content\/uploads\/2023\/10\/IMG-20231005-WA0009-768x1024.webp\" alt=\"\" class=\"not-transparent wp-image-349\" style=\"--dominant-color: #7a7a77; border-radius:16px;aspect-ratio:4\/3;object-fit:cover\" title=\"\" srcset=\"https:\/\/torbalideniznakliyat.com\/wp-content\/uploads\/2023\/10\/IMG-20231005-WA0009-768x1024.webp 768w, https:\/\/torbalideniznakliyat.com\/wp-content\/uploads\/2023\/10\/IMG-20231005-WA0009-225x300.webp 225w, https:\/\/torbalideniznakliyat.com\/wp-content\/uploads\/2023\/10\/IMG-20231005-WA0009-1152x1536.webp 1152w, https:\/\/torbalideniznakliyat.com\/wp-content\/uploads\/2023\/10\/IMG-20231005-WA0009-jpg.webp 1500w\" sizes=\"auto, (max-width: 768px) 100vw, 768px\" \/><\/figure>\n\n\n\n<div class=\"wp-block-group is-content-justification-center is-nowrap is-layout-flex wp-container-core-group-is-layout-23441af8 wp-block-group-is-layout-flex\">\n<h3 id=\"wp-block-themeisle-blocks-advanced-heading-39c4e178\" class=\"wp-block-themeisle-blocks-advanced-heading wp-block-themeisle-blocks-advanced-heading-39c4e178\"><strong><strong>Ambalajl\u0131 Ta\u015f\u0131ma<\/strong><\/strong><\/h3>\n\n\n\n<div id=\"wp-block-themeisle-blocks-font-awesome-icons-838ea440\" class=\"wp-block-themeisle-blocks-font-awesome-icons\"><span class=\"wp-block-themeisle-blocks-font-awesome-icons-container\"><i class=\"fas fa-people-carry\"><\/i><\/span><\/div>\n<\/div>\n\n\n\n<p class=\"has-text-align-center\">Ambalajl\u0131 ta\u015f\u0131ma hizmeti, e\u015fyalar\u0131n\u0131z\u0131n zarar g\u00f6rmemesi i\u00e7in \u00f6zel ambalaj malzemeleri ile paketlenmesi ve ta\u015f\u0131nmas\u0131 hizmetidir. Deniz Nakliyat olarak, ambalajl\u0131 ta\u015f\u0131ma hizmeti veren bir \u015firketiz. E\u015fyalar\u0131n\u0131z\u0131 kaliteli, hijyenik ve dayan\u0131kl\u0131 ambalaj malzemeleri ile paketler ve istedi\u011finiz yere ta\u015f\u0131r\u0131z. <\/p>\n<\/div>\n<\/div><\/div>\n\n\n\n<div id=\"wp-block-themeisle-blocks-advanced-columns-30622575\" class=\"wp-block-themeisle-blocks-advanced-columns alignfull has-2-columns has-desktop-equal-layout has-tablet-equal-layout has-mobile-collapsedRows-layout has-vertical-center ticss-c00aadba\"><div class=\"wp-block-themeisle-blocks-advanced-columns-overlay\"><\/div><div class=\"innerblocks-wrap\">\n<div id=\"wp-block-themeisle-blocks-advanced-column-71415a94\" class=\"wp-block-themeisle-blocks-advanced-column\">\n<figure class=\"wp-block-image aligncenter size-large has-custom-border\"><img data-dominant-color=\"72859f\" data-has-transparency=\"false\" loading=\"lazy\" decoding=\"async\" width=\"835\" height=\"1024\" src=\"https:\/\/torbalideniznakliyat.com\/wp-content\/uploads\/2023\/10\/IMG-20231005-WA0002-835x1024.webp\" alt=\"\" class=\"not-transparent wp-image-250\" style=\"--dominant-color: #72859f; border-radius:16px;aspect-ratio:4\/3;object-fit:cover\" title=\"\" srcset=\"https:\/\/torbalideniznakliyat.com\/wp-content\/uploads\/2023\/10\/IMG-20231005-WA0002-835x1024.webp 835w, https:\/\/torbalideniznakliyat.com\/wp-content\/uploads\/2023\/10\/IMG-20231005-WA0002-245x300.webp 245w, https:\/\/torbalideniznakliyat.com\/wp-content\/uploads\/2023\/10\/IMG-20231005-WA0002-768x942.webp 768w, https:\/\/torbalideniznakliyat.com\/wp-content\/uploads\/2023\/10\/IMG-20231005-WA0002-jpg.webp 1170w\" sizes=\"auto, (max-width: 835px) 100vw, 835px\" \/><\/figure>\n\n\n\n<div class=\"wp-block-group is-content-justification-center is-nowrap is-layout-flex wp-container-core-group-is-layout-23441af8 wp-block-group-is-layout-flex\">\n<h3 id=\"wp-block-themeisle-blocks-advanced-heading-637b3871\" class=\"wp-block-themeisle-blocks-advanced-heading wp-block-themeisle-blocks-advanced-heading-637b3871\"><strong><strong>Asans\u00f6rle Ta\u015f\u0131ma<\/strong><\/strong><\/h3>\n\n\n\n<div id=\"wp-block-themeisle-blocks-font-awesome-icons-fda8310c\" class=\"wp-block-themeisle-blocks-font-awesome-icons\"><span class=\"wp-block-themeisle-blocks-font-awesome-icons-container\"><i class=\"fas fa-dolly\"><\/i><\/span><\/div>\n<\/div>\n\n\n\n<p class=\"has-text-align-center\">Asans\u00f6rle ta\u015f\u0131ma hizmeti, e\u015fyalar\u0131n\u0131z\u0131n y\u00fcksek katl\u0131 binalarda asans\u00f6r kullan\u0131larak ta\u015f\u0131nmas\u0131 hizmeti demektir. Deniz Nakliyat olarak, asans\u00f6rle ta\u015f\u0131ma hizmeti veren bir nakliye \u015firketiz. E\u015fyalar\u0131n\u0131z\u0131 son teknoloji asans\u00f6r sistemleri ile ta\u015f\u0131r ve istedi\u011finiz yere yerle\u015ftiririz.<\/p>\n<\/div>\n\n\n\n<div id=\"wp-block-themeisle-blocks-advanced-column-383992b3\" class=\"wp-block-themeisle-blocks-advanced-column\">\n<figure class=\"wp-block-image aligncenter size-full has-custom-border\"><img data-dominant-color=\"867666\" data-has-transparency=\"false\" loading=\"lazy\" decoding=\"async\" width=\"996\" height=\"664\" src=\"https:\/\/torbalideniznakliyat.com\/wp-content\/uploads\/2023\/10\/full-shot-man-delivering-box_23-2149103441-jpg.webp\" alt=\"\" class=\"not-transparent wp-image-547\" style=\"--dominant-color: #867666; border-radius:16px;aspect-ratio:4\/3;object-fit:cover\" title=\"\" srcset=\"https:\/\/torbalideniznakliyat.com\/wp-content\/uploads\/2023\/10\/full-shot-man-delivering-box_23-2149103441-jpg.webp 996w, https:\/\/torbalideniznakliyat.com\/wp-content\/uploads\/2023\/10\/full-shot-man-delivering-box_23-2149103441-300x200.webp 300w, https:\/\/torbalideniznakliyat.com\/wp-content\/uploads\/2023\/10\/full-shot-man-delivering-box_23-2149103441-768x512.webp 768w\" sizes=\"auto, (max-width: 996px) 100vw, 996px\" \/><\/figure>\n\n\n\n<div class=\"wp-block-group is-content-justification-center is-nowrap is-layout-flex wp-container-core-group-is-layout-23441af8 wp-block-group-is-layout-flex\">\n<h3 id=\"wp-block-themeisle-blocks-advanced-heading-f30af762\" class=\"wp-block-themeisle-blocks-advanced-heading wp-block-themeisle-blocks-advanced-heading-f30af762\"><strong><strong>Nakliye Sonras\u0131 Destek<\/strong><\/strong><\/h3>\n\n\n\n<div id=\"wp-block-themeisle-blocks-font-awesome-icons-47864c03\" class=\"wp-block-themeisle-blocks-font-awesome-icons\"><span class=\"wp-block-themeisle-blocks-font-awesome-icons-container\"><i class=\"fas fa-hand-holding-heart\"><\/i><\/span><\/div>\n<\/div>\n\n\n\n<p class=\"has-text-align-center\">Nakliye sonras\u0131 destek hizmeti, e\u015fyalar\u0131n\u0131z\u0131n ta\u015f\u0131nd\u0131\u011f\u0131 yerde gerekli montaj, kurulum, d\u00fczenleme ve temizlik i\u015flemlerini yapan bir hizmet demektir. Deniz Nakliyat olarak, nakliye sonras\u0131 destek hizmeti veren bir \u015firketiz. E\u015fyalar\u0131n\u0131z\u0131 ta\u015f\u0131d\u0131ktan sonra sizin i\u00e7in gerekli olan t\u00fcm i\u015flemleri yapar ve memnuniyetinizi sa\u011flar\u0131z. <\/p>\n<\/div>\n<\/div><\/div>\n\n\n\n<div id=\"wp-block-themeisle-blocks-advanced-columns-c7064354\" class=\"wp-block-themeisle-blocks-advanced-columns alignfull has-2-columns has-desktop-equal-layout has-tablet-equal-layout has-mobile-collapsedRows-layout has-vertical-center ticss-c00aadba\"><div class=\"wp-block-themeisle-blocks-advanced-columns-overlay\"><\/div><div class=\"innerblocks-wrap\">\n<div id=\"wp-block-themeisle-blocks-advanced-column-66dfc899\" class=\"wp-block-themeisle-blocks-advanced-column\">\n<figure class=\"wp-block-image aligncenter size-large has-custom-border\"><img data-dominant-color=\"907054\" data-has-transparency=\"false\" loading=\"lazy\" decoding=\"async\" width=\"1024\" height=\"681\" src=\"https:\/\/torbalideniznakliyat.com\/wp-content\/uploads\/2023\/12\/woman-wearing-safety-cap-work-1-1024x681.webp\" alt=\"\" class=\"not-transparent wp-image-765\" style=\"--dominant-color: #907054; border-radius:16px;aspect-ratio:4\/3;object-fit:cover\" title=\"\" srcset=\"https:\/\/torbalideniznakliyat.com\/wp-content\/uploads\/2023\/12\/woman-wearing-safety-cap-work-1-1024x681.webp 1024w, https:\/\/torbalideniznakliyat.com\/wp-content\/uploads\/2023\/12\/woman-wearing-safety-cap-work-1-300x200.webp 300w, https:\/\/torbalideniznakliyat.com\/wp-content\/uploads\/2023\/12\/woman-wearing-safety-cap-work-1-768x511.webp 768w, https:\/\/torbalideniznakliyat.com\/wp-content\/uploads\/2023\/12\/woman-wearing-safety-cap-work-1-1536x1022.webp 1536w, https:\/\/torbalideniznakliyat.com\/wp-content\/uploads\/2023\/12\/woman-wearing-safety-cap-work-1-2048x1363.webp 2048w\" sizes=\"auto, (max-width: 1024px) 100vw, 1024px\" \/><\/figure>\n\n\n\n<div class=\"wp-block-buttons has-custom-font-size has-small-font-size is-content-justification-center is-layout-flex wp-container-core-buttons-is-layout-a89b3969 wp-block-buttons-is-layout-flex\">\n<div class=\"wp-block-button has-custom-font-size has-small-font-size\"><a class=\"wp-block-button__link has-background has-text-align-center wp-element-button\" style=\"border-style:none;border-width:0px;border-radius:6px;background-color:#c60303;padding-top:var(--wp--preset--spacing--xx-small);padding-right:var(--wp--preset--spacing--x-small);padding-bottom:var(--wp--preset--spacing--xx-small);padding-left:var(--wp--preset--spacing--x-small)\">YEN\u0130 H\u0130ZMET<\/a><\/div>\n<\/div>\n\n\n\n<div class=\"wp-block-group is-content-justification-center is-nowrap is-layout-flex wp-container-core-group-is-layout-23441af8 wp-block-group-is-layout-flex\">\n<h3 id=\"wp-block-themeisle-blocks-advanced-heading-c176a964\" class=\"wp-block-themeisle-blocks-advanced-heading wp-block-themeisle-blocks-advanced-heading-c176a964\"><strong><strong>Depolama Hizmeti<\/strong><\/strong><\/h3>\n\n\n\n<div id=\"wp-block-themeisle-blocks-font-awesome-icons-2ce4641b\" class=\"wp-block-themeisle-blocks-font-awesome-icons\"><span class=\"wp-block-themeisle-blocks-font-awesome-icons-container\"><i class=\"fas fa-warehouse\"><\/i><\/span><\/div>\n<\/div>\n\n\n\n<p class=\"has-text-align-center\">Evden eve nakliye ta\u015f\u0131mac\u0131l\u0131k \u015firketimiz, e\u015fyalar\u0131n\u0131z\u0131 g\u00fcvenli ve profesyonel bir \u015fekilde depolamak i\u00e7in size \u00e7e\u015fitli se\u00e7enekler sunuyor. \u0130ster evinizi de\u011fi\u015ftirirken, ister yurtd\u0131\u015f\u0131na ta\u015f\u0131n\u0131rken, ister mevsimsel ihtiya\u00e7lar\u0131n\u0131z i\u00e7in, ister sadece ekstra alan yaratmak i\u00e7in, e\u015fyalar\u0131n\u0131z\u0131 uygun fiyatlarla kiralayabilece\u011finiz depolar\u0131m\u0131zda saklayabilirsiniz. Depolama hizmetimiz ile e\u015fyalar\u0131n\u0131z\u0131 hem koruyor hem de tasarruf sa\u011fl\u0131yoruz.<\/p>\n<\/div>\n\n\n\n<div id=\"wp-block-themeisle-blocks-advanced-column-9a69b2f2\" class=\"wp-block-themeisle-blocks-advanced-column\">\n<figure class=\"wp-block-image aligncenter size-large has-custom-border\"><img data-dominant-color=\"837973\" data-has-transparency=\"false\" loading=\"lazy\" decoding=\"async\" width=\"1024\" height=\"683\" src=\"https:\/\/torbalideniznakliyat.com\/wp-content\/uploads\/2023\/12\/couple-with-salesman-furniture-store-1024x683.webp\" alt=\"\" class=\"not-transparent wp-image-767\" style=\"--dominant-color: #837973; border-radius:16px;aspect-ratio:4\/3;object-fit:cover\" title=\"\" srcset=\"https:\/\/torbalideniznakliyat.com\/wp-content\/uploads\/2023\/12\/couple-with-salesman-furniture-store-1024x683.webp 1024w, https:\/\/torbalideniznakliyat.com\/wp-content\/uploads\/2023\/12\/couple-with-salesman-furniture-store-300x200.webp 300w, https:\/\/torbalideniznakliyat.com\/wp-content\/uploads\/2023\/12\/couple-with-salesman-furniture-store-768x512.webp 768w, https:\/\/torbalideniznakliyat.com\/wp-content\/uploads\/2023\/12\/couple-with-salesman-furniture-store-1536x1024.webp 1536w, https:\/\/torbalideniznakliyat.com\/wp-content\/uploads\/2023\/12\/couple-with-salesman-furniture-store-2048x1365.webp 2048w\" sizes=\"auto, (max-width: 1024px) 100vw, 1024px\" \/><\/figure>\n\n\n\n<div class=\"wp-block-buttons has-custom-font-size has-small-font-size is-content-justification-center is-layout-flex wp-container-core-buttons-is-layout-a89b3969 wp-block-buttons-is-layout-flex\">\n<div class=\"wp-block-button has-custom-font-size has-small-font-size\"><a class=\"wp-block-button__link has-background has-text-align-center wp-element-button\" style=\"border-style:none;border-width:0px;border-radius:6px;background-color:#c60303;padding-top:var(--wp--preset--spacing--xx-small);padding-right:var(--wp--preset--spacing--x-small);padding-bottom:var(--wp--preset--spacing--xx-small);padding-left:var(--wp--preset--spacing--x-small)\">YEN\u0130 H\u0130ZMET<\/a><\/div>\n<\/div>\n\n\n\n<div class=\"wp-block-group is-content-justification-center is-nowrap is-layout-flex wp-container-core-group-is-layout-23441af8 wp-block-group-is-layout-flex\">\n<h3 id=\"wp-block-themeisle-blocks-advanced-heading-c9a4daee\" class=\"wp-block-themeisle-blocks-advanced-heading wp-block-themeisle-blocks-advanced-heading-c9a4daee\"><strong><strong>S\u0131f\u0131r E\u015fya Sat\u0131\u015f\u0131<\/strong><\/strong><\/h3>\n\n\n\n<div id=\"wp-block-themeisle-blocks-font-awesome-icons-6f51b784\" class=\"wp-block-themeisle-blocks-font-awesome-icons\"><span class=\"wp-block-themeisle-blocks-font-awesome-icons-container\"><i class=\"fas fa-couch\"><\/i><\/span><\/div>\n<\/div>\n\n\n\n<p class=\"has-text-align-center\">Evden eve nakliye ta\u015f\u0131mac\u0131l\u0131k \u015firketimiz, sadece e\u015fyalar\u0131n\u0131z\u0131 g\u00fcvenli ve h\u0131zl\u0131 bir \u015fekilde ta\u015f\u0131makla kalmaz, ayn\u0131 zamanda yeni evinize uygun s\u0131f\u0131r e\u015fyalar da sunar. \u0130ster mobilya, ister beyaz e\u015fya, ister dekorasyon \u00fcr\u00fcn\u00fc olsun, ihtiyac\u0131n\u0131z olan her \u015feyi size en uygun fiyat ve kalite garantisiyle sa\u011fl\u0131yoruz. S\u0131f\u0131r e\u015fya sat\u0131\u015f\u0131 hizmetimizden yararlanmak i\u00e7in, bize telefon veya e-posta yoluyla ula\u015fabilirsiniz. Hem zaman hem de para tasarrufu yapabilirsiniz.<\/p>\n<\/div>\n<\/div><\/div>\n","protected":false},"excerpt":{"rendered":"","protected":false},"author":1,"featured_media":0,"parent":0,"menu_order":0,"comment_status":"closed","ping_status":"closed","template":"no-title-space","meta":{"_themeisle_gutenberg_block_has_review":false,"footnotes":""},"class_list":["post-196","page","type-page","status-publish","hentry"],"acf":[],"_links":{"self":[{"href":"https:\/\/torbalideniznakliyat.com\/index.php\/wp-json\/wp\/v2\/pages\/196","targetHints":{"allow":["GET"]}}],"collection":[{"href":"https:\/\/torbalideniznakliyat.com\/index.php\/wp-json\/wp\/v2\/pages"}],"about":[{"href":"https:\/\/torbalideniznakliyat.com\/index.php\/wp-json\/wp\/v2\/types\/page"}],"author":[{"embeddable":true,"href":"https:\/\/torbalideniznakliyat.com\/index.php\/wp-json\/wp\/v2\/users\/1"}],"replies":[{"embeddable":true,"href":"https:\/\/torbalideniznakliyat.com\/index.php\/wp-json\/wp\/v2\/comments?post=196"}],"version-history":[{"count":60,"href":"https:\/\/torbalideniznakliyat.com\/index.php\/wp-json\/wp\/v2\/pages\/196\/revisions"}],"predecessor-version":[{"id":770,"href":"https:\/\/torbalideniznakliyat.com\/index.php\/wp-json\/wp\/v2\/pages\/196\/revisions\/770"}],"wp:attachment":[{"href":"https:\/\/torbalideniznakliyat.com\/index.php\/wp-json\/wp\/v2\/media?parent=196"}],"curies":[{"name":"wp","href":"https:\/\/api.w.org\/{rel}","templated":true}]}}