{"id":96,"date":"2023-10-06T06:17:53","date_gmt":"2023-10-06T06:17:53","guid":{"rendered":"https:\/\/torbalideniznakliyat.com\/?page_id=96"},"modified":"2023-10-11T09:56:52","modified_gmt":"2023-10-11T09:56:52","slug":"teklif","status":"publish","type":"page","link":"https:\/\/torbalideniznakliyat.com\/index.php\/teklif\/","title":{"rendered":"Teklif Al"},"content":{"rendered":"\n<div id=\"wp-block-themeisle-blocks-advanced-columns-2c60bc77\" class=\"wp-block-themeisle-blocks-advanced-columns alignfull has-1-columns has-desktop-equal-layout has-tablet-equal-layout has-mobile-collapsedRows-layout has-reverse-columns-mobile has-vertical-center ticss-c00aadba\"><div class=\"wp-block-themeisle-blocks-advanced-columns-overlay\"><\/div><div class=\"innerblocks-wrap\">\n<div id=\"wp-block-themeisle-blocks-advanced-column-75b9263d\" class=\"wp-block-themeisle-blocks-advanced-column\">\n<h1 id=\"wp-block-themeisle-blocks-advanced-heading-5d5675df\" class=\"wp-block-themeisle-blocks-advanced-heading wp-block-themeisle-blocks-advanced-heading-5d5675df\">TEKL\u0130F AL<\/h1>\n<\/div>\n<\/div><\/div>\n\n\n\n<p>Teklif Formumuz, ta\u015f\u0131ma t\u00fcr\u00fc ve bilgileri hakk\u0131nda bilgilerden faydalanarak sizlere uygun fiyat teklifi sunmam\u0131z\u0131 sa\u011flar. A\u015fa\u011f\u0131daki alanlar\u0131 m\u00fcmk\u00fcn oldu\u011funca do\u011fru bir \u015fekilde girerseniz sizlere daha tutarl\u0131 bir teklif sunabiliriz. Bu form i\u00e7in girece\u011finiz ki\u015fisel bilgiler sadece daha tutarl\u0131 bir teklif sunmak ve size geri d\u00f6n\u00fc\u015f yapabilmemiz i\u00e7in teklif ge\u00e7erlilik s\u00fcresi kadar saklan\u0131r ve silinir.<\/p>\n\n\n\n<blockquote class=\"wp-block-quote is-layout-flow wp-block-quote-is-layout-flow\">\n<p class=\"has-vivid-red-color has-text-color\">NOT: (*) i\u015faretli alanlar zorunludur.<\/p>\n<\/blockquote>\n\n\n<style id=\"wpforms-css-vars-root\">\n\t\t\t\t:root {\n\t\t\t\t\t--wpforms-field-border-radius: 3px;\n--wpforms-field-background-color: #ffffff;\n--wpforms-field-border-color: rgba( 0, 0, 0, 0.25 );\n--wpforms-field-text-color: rgba( 0, 0, 0, 0.7 );\n--wpforms-label-color: rgba( 0, 0, 0, 0.85 );\n--wpforms-label-sublabel-color: rgba( 0, 0, 0, 0.55 );\n--wpforms-label-error-color: #d63637;\n--wpforms-button-border-radius: 3px;\n--wpforms-button-background-color: #066aab;\n--wpforms-button-text-color: #ffffff;\n--wpforms-field-size-input-height: 43px;\n--wpforms-field-size-input-spacing: 15px;\n--wpforms-field-size-font-size: 16px;\n--wpforms-field-size-line-height: 19px;\n--wpforms-field-size-padding-h: 14px;\n--wpforms-field-size-checkbox-size: 16px;\n--wpforms-field-size-sublabel-spacing: 5px;\n--wpforms-field-size-icon-size: 1;\n--wpforms-label-size-font-size: 16px;\n--wpforms-label-size-line-height: 19px;\n--wpforms-label-size-sublabel-font-size: 14px;\n--wpforms-label-size-sublabel-line-height: 17px;\n--wpforms-button-size-font-size: 17px;\n--wpforms-button-size-height: 41px;\n--wpforms-button-size-padding-h: 15px;\n--wpforms-button-size-margin-top: 10px;\n\n\t\t\t\t}\n\t\t\t<\/style><div class=\"wpforms-container wpforms-container-full wpforms-block wpforms-block-2f4006f2-6238-4b5a-a92e-a631cc1a21d7 wpforms-render-modern\" id=\"wpforms-93\"><form id=\"wpforms-form-93\" class=\"wpforms-validate wpforms-form wpforms-ajax-form\" data-formid=\"93\" method=\"post\" enctype=\"multipart\/form-data\" action=\"\/index.php\/wp-json\/wp\/v2\/pages\/96\" data-token=\"1c27dd85e008ea2a5433999f95739a38\"><noscript class=\"wpforms-error-noscript\">Bu formu bitirebilmek i\u00e7in taray\u0131c\u0131n\u0131zda JavaScript&#039;i etkinle\u015ftirin.<\/noscript><div class=\"wpforms-hidden\" id=\"wpforms-error-noscript\">Bu formu bitirebilmek i\u00e7in taray\u0131c\u0131n\u0131zda JavaScript&#039;i etkinle\u015ftirin.<\/div><div class=\"wpforms-field-container\"><div id=\"wpforms-93-field_7-container\" class=\"wpforms-field wpforms-field-content\" data-field-id=\"7\"><div id=\"wpforms-93-field_7\" class=\"wpforms-field-medium wpforms-field-row\" name=\"wpforms[fields][7]\" aria-errormessage=\"wpforms-93-field_7-error\"><h5>1. Temel Bilgileriniz<\/h5>\n<p>Burada yer alan bilgileri size daha rahat d\u00f6n\u00fc\u015f yapabilmek i\u00e7in ihtiya\u00e7 duyuyoruz.<\/p>\n<div class=\"wpforms-field-content-display-frontend-clear\"><\/div><\/div><\/div><div id=\"wpforms-93-field_3-container\" class=\"wpforms-field wpforms-field-name margin-left-2\" data-field-id=\"3\"><fieldset><legend class=\"wpforms-field-label\">Ba\u011flant\u0131 Ad\u0131 Soyad\u0131 <span class=\"wpforms-required-label\" aria-hidden=\"true\">*<\/span><\/legend><div class=\"wpforms-field-row wpforms-field-medium\"><div class=\"wpforms-field-row-block wpforms-first wpforms-one-half\"><input type=\"text\" id=\"wpforms-93-field_3\" class=\"wpforms-field-name-first wpforms-field-required\" name=\"wpforms[fields][3][first]\" aria-errormessage=\"wpforms-93-field_3-error\" required><label for=\"wpforms-93-field_3\" class=\"wpforms-field-sublabel after \">Ad<\/label><\/div><div class=\"wpforms-field-row-block wpforms-one-half\"><input type=\"text\" id=\"wpforms-93-field_3-last\" class=\"wpforms-field-name-last wpforms-field-required\" name=\"wpforms[fields][3][last]\" aria-errormessage=\"wpforms-93-field_3-last-error\" required><label for=\"wpforms-93-field_3-last\" class=\"wpforms-field-sublabel after \">Soyad<\/label><\/div><\/div><\/fieldset><\/div><div id=\"wpforms-93-field_1-container\" class=\"wpforms-field wpforms-field-email margin-left-2\" data-field-id=\"1\"><label class=\"wpforms-field-label\" for=\"wpforms-93-field_1\">E-posta <span class=\"wpforms-required-label\" aria-hidden=\"true\">*<\/span><\/label><input type=\"email\" id=\"wpforms-93-field_1\" class=\"wpforms-field-medium wpforms-field-required\" name=\"wpforms[fields][1]\" spellcheck=\"false\" aria-errormessage=\"wpforms-93-field_1-error\" required><\/div><div id=\"wpforms-93-field_2-container\" class=\"wpforms-field wpforms-field-phone margin-left-2\" data-field-id=\"2\"><label class=\"wpforms-field-label\" for=\"wpforms-93-field_2\">Telefon<\/label><input type=\"tel\" id=\"wpforms-93-field_2\" class=\"wpforms-field-medium wpforms-smart-phone-field\" data-rule-smart-phone-field=\"true\" name=\"wpforms[fields][2]\" aria-errormessage=\"wpforms-93-field_2-error\" ><\/div><div id=\"wpforms-93-field_9-container\" class=\"wpforms-field wpforms-field-content\" data-field-id=\"9\"><div id=\"wpforms-93-field_9\" class=\"wpforms-field-medium wpforms-field-row\" name=\"wpforms[fields][9]\" aria-errormessage=\"wpforms-93-field_9-error\"><h5>2. Nakliye Bilgileri<\/h5>\n<p>Burada yer alan bilgileri teklif konusunda daha tutarl\u0131 bir tahmin y\u00fcr\u00fctebilmek i\u00e7in kullan\u0131yoruz.<\/p>\n<div class=\"wpforms-field-content-display-frontend-clear\"><\/div><\/div><\/div><div id=\"wpforms-93-field_16-container\" class=\"wpforms-field wpforms-field-layout\" data-field-id=\"16\"><label class=\"wpforms-field-label wpforms-label-hide\" for=\"wpforms-93-field_16\" aria-hidden=\"false\">Yerle\u015fim<\/label><div class=\"wpforms-field-layout-columns wpforms-field-layout-preset-50-50\"><div class=\"wpforms-layout-column wpforms-layout-column-50\"><div id=\"wpforms-93-field_4-container\" class=\"wpforms-field wpforms-field-select margin-left-2 wpforms-conditional-trigger wpforms-field-select-style-modern\" data-field-id=\"4\"><label class=\"wpforms-field-label\" for=\"wpforms-93-field_4\">Ta\u015f\u0131ma T\u00fcr\u00fc <span class=\"wpforms-required-label\" aria-hidden=\"true\">*<\/span><\/label><select id=\"wpforms-93-field_4\" class=\"wpforms-field-medium wpforms-field-required choicesjs-select\" data-size-class=\"wpforms-field-row wpforms-field-medium\" data-search-enabled=\"\" name=\"wpforms[fields][4]\" required=\"required\"><option value=\"\" class=\"placeholder\" disabled  selected='selected'>-Nakliye T\u00fcr\u00fc Se\u00e7iniz--<\/option><option value=\"Evden eve ta\u015f\u0131ma\" >Evden eve ta\u015f\u0131ma<\/option><option value=\"Ofisten ofise ta\u015f\u0131ma\" >Ofisten ofise ta\u015f\u0131ma<\/option><option value=\"Depodan depoya ta\u015f\u0131ma\" >Depodan depoya ta\u015f\u0131ma<\/option><\/select><\/div><div id=\"wpforms-93-field_21-container\" class=\"wpforms-field wpforms-field-date-time margin-left-2\" data-field-id=\"21\"><label class=\"wpforms-field-label\" for=\"wpforms-93-field_21\">Ta\u015f\u0131nmay\u0131 Planlad\u0131\u011f\u0131n\u0131z Tarih<\/label><div class=\"wpforms-datepicker-wrap\"><input type=\"text\" id=\"wpforms-93-field_21\" class=\"wpforms-field-date-time-date wpforms-datepicker wpforms-field-medium\" data-date-format=\"d\/m\/Y\" data-disable-past-dates=\"1\" data-input=\"true\" name=\"wpforms[fields][21][date]\" aria-errormessage=\"wpforms-93-field_21-error\" ><a title=\"Tarihi Sil\" data-clear class=\"wpforms-datepicker-clear\" style=\"display:none;\"><\/a><\/div><\/div><div id=\"wpforms-93-field_19-container\" class=\"wpforms-field wpforms-field-number-slider margin-left-2\" data-field-id=\"19\"><label class=\"wpforms-field-label\" for=\"wpforms-93-field_19\">\u00c7\u0131k\u0131\u015f Noktas\u0131 Ka\u00e7\u0131nc\u0131 Kat?<\/label>\n<input\n\ttype=\"range\"\n\tid=\"wpforms-93-field_19\" class=\"wpforms-field-medium\" name=\"wpforms[fields][19]\" value=\"1\" aria-errormessage=\"wpforms-93-field_19-error\" aria-describedby=\"wpforms-93-field_19-description\"\t\tvalue=\"1\"\n\tmin=\"-1\"\n\tmax=\"15\"\n\tstep=\"1\">\n\n<div class=\"wpforms-field-number-slider-hint\"\n\tdata-hint=\" {value}.kat\">\n\t <b>1<\/b>.kat<\/div>\n<div id=\"wpforms-93-field_19-description\" class=\"wpforms-field-description\">Bu alan nakliye i\u00e7in al\u0131nacak e\u015fyalar\u0131n \u015fu anda ka\u00e7\u0131nc\u0131 katta oldu\u011fu bilgisidir.<\/div><\/div><div id=\"wpforms-93-field_20-container\" class=\"wpforms-field wpforms-field-number-slider margin-left-2\" data-field-id=\"20\"><label class=\"wpforms-field-label\" for=\"wpforms-93-field_20\">Var\u0131\u015f Noktas\u0131 Ka\u00e7\u0131nc\u0131 Kat?<\/label>\n<input\n\ttype=\"range\"\n\tid=\"wpforms-93-field_20\" class=\"wpforms-field-medium\" name=\"wpforms[fields][20]\" value=\"1\" aria-errormessage=\"wpforms-93-field_20-error\" aria-describedby=\"wpforms-93-field_20-description\"\t\tvalue=\"1\"\n\tmin=\"-1\"\n\tmax=\"15\"\n\tstep=\"1\">\n\n<div class=\"wpforms-field-number-slider-hint\"\n\tdata-hint=\" {value}.kat\">\n\t <b>1<\/b>.kat<\/div>\n<div id=\"wpforms-93-field_20-description\" class=\"wpforms-field-description\">Bu alan nakliye i\u00e7in ta\u015f\u0131nacak e\u015fyalar\u0131n ka\u00e7\u0131nc\u0131 kata ta\u015f\u0131naca\u011f\u0131 bilgisidir.<\/div><\/div><div id=\"wpforms-93-field_22-container\" class=\"wpforms-field wpforms-field-text margin-left-2 wpforms-conditional-field wpforms-conditional-show\" data-field-id=\"22\" style=\"display:none;\"><label class=\"wpforms-field-label\" for=\"wpforms-93-field_22\">Oda Say\u0131s\u0131 Giriniz<\/label><input type=\"text\" id=\"wpforms-93-field_22\" class=\"wpforms-field-medium\" name=\"wpforms[fields][22]\" placeholder=\"\u00f6rn:2+1\" aria-errormessage=\"wpforms-93-field_22-error\" aria-describedby=\"wpforms-93-field_22-description\" ><div id=\"wpforms-93-field_22-description\" class=\"wpforms-field-description\">Nakliye \u00e7\u0131k\u0131\u015f noktas\u0131n\u0131n ka\u00e7 odal\u0131 oldu\u011fu bilgisini girebilirsiniz.<\/div><\/div><\/div><div class=\"wpforms-layout-column wpforms-layout-column-50\"><\/div><\/div><\/div><div id=\"wpforms-93-field_14-container\" class=\"wpforms-field wpforms-field-content\" data-field-id=\"14\"><div id=\"wpforms-93-field_14\" class=\"wpforms-field-medium wpforms-field-row\" name=\"wpforms[fields][14]\" aria-errormessage=\"wpforms-93-field_14-error\"><h5>3. Adres Bilgisi<\/h5>\n<p>Burada yer alan bilgileri teklif konusunda daha tutarl\u0131 bir tahmin y\u00fcr\u00fctebilmek i\u00e7in kullan\u0131yoruz.<\/p>\n<div class=\"wpforms-field-content-display-frontend-clear\"><\/div><\/div><\/div><div id=\"wpforms-93-field_23-container\" class=\"wpforms-field wpforms-field-layout\" data-field-id=\"23\"><label class=\"wpforms-field-label wpforms-label-hide\" for=\"wpforms-93-field_23\" aria-hidden=\"false\">Yerle\u015fim<\/label><div class=\"wpforms-field-layout-columns wpforms-field-layout-preset-50-50\"><div class=\"wpforms-layout-column wpforms-layout-column-50\"><div id=\"wpforms-93-field_24-container\" class=\"wpforms-field wpforms-field-address margin-left-2\" data-field-id=\"24\"><fieldset><legend class=\"wpforms-field-label\">\u00c7\u0131k\u0131\u015f Noktas\u0131 Bilgisi <span class=\"wpforms-required-label\" aria-hidden=\"true\">*<\/span><\/legend><div class=\"wpforms-field-row wpforms-field-medium\"><div ><input type=\"text\" id=\"wpforms-93-field_24\" class=\"wpforms-field-address-address1 wpforms-field-required\" name=\"wpforms[fields][24][address1]\" placeholder=\"Mahalle\/Sokak bilgisi\" aria-errormessage=\"wpforms-93-field_24-error\" aria-describedby=\"wpforms-93-field_24-description\" required><label for=\"wpforms-93-field_24\" class=\"wpforms-field-sublabel after wpforms-sublabel-hide\">Adres Sat\u0131r\u0131 1<\/label><\/div><\/div><div class=\"wpforms-field-row wpforms-field-medium\"><div class=\"wpforms-field-row-block wpforms-one-half wpforms-first\"><input type=\"text\" id=\"wpforms-93-field_24-city\" class=\"wpforms-field-address-city wpforms-field-required\" name=\"wpforms[fields][24][city]\" placeholder=\"\u0130l\u00e7e\/Semt bilgisi\" aria-errormessage=\"wpforms-93-field_24-city-error\" aria-describedby=\"wpforms-93-field_24-description\" required><label for=\"wpforms-93-field_24-city\" class=\"wpforms-field-sublabel after wpforms-sublabel-hide\">\u015eehir<\/label><\/div><div class=\"wpforms-field-row-block wpforms-one-half\"><input type=\"text\" id=\"wpforms-93-field_24-state\" class=\"wpforms-field-address-state wpforms-field-required\" name=\"wpforms[fields][24][state]\" placeholder=\"\u0130l  bilgisi\" aria-errormessage=\"wpforms-93-field_24-state-error\" aria-describedby=\"wpforms-93-field_24-description\" required><label for=\"wpforms-93-field_24-state\" class=\"wpforms-field-sublabel after wpforms-sublabel-hide\">Eyalet \/ B\u00f6lge<\/label><\/div><\/div><div id=\"wpforms-93-field_24-description\" class=\"wpforms-field-description\">Bu alan nakliye i\u00e7in al\u0131nacak e\u015fyalar\u0131n hangi adreste oldu\u011fu bilgisidir.<\/div><\/fieldset><\/div><div id=\"wpforms-93-field_25-container\" class=\"wpforms-field wpforms-field-address margin-left-2\" data-field-id=\"25\"><fieldset><legend class=\"wpforms-field-label\">Var\u0131\u015f Noktas\u0131 Bilgisi <span class=\"wpforms-required-label\" aria-hidden=\"true\">*<\/span><\/legend><div class=\"wpforms-field-row wpforms-field-medium\"><div ><input type=\"text\" id=\"wpforms-93-field_25\" class=\"wpforms-field-address-address1 wpforms-field-required\" name=\"wpforms[fields][25][address1]\" placeholder=\"Mahalle\/Sokak bilgisi\" aria-errormessage=\"wpforms-93-field_25-error\" aria-describedby=\"wpforms-93-field_25-description\" required><label for=\"wpforms-93-field_25\" class=\"wpforms-field-sublabel after wpforms-sublabel-hide\">Adres Sat\u0131r\u0131 1<\/label><\/div><\/div><div class=\"wpforms-field-row wpforms-field-medium\"><div class=\"wpforms-field-row-block wpforms-one-half wpforms-first\"><input type=\"text\" id=\"wpforms-93-field_25-city\" class=\"wpforms-field-address-city wpforms-field-required\" name=\"wpforms[fields][25][city]\" placeholder=\"\u0130l\u00e7e\/Semt bilgisi\" aria-errormessage=\"wpforms-93-field_25-city-error\" aria-describedby=\"wpforms-93-field_25-description\" required><label for=\"wpforms-93-field_25-city\" class=\"wpforms-field-sublabel after wpforms-sublabel-hide\">\u015eehir<\/label><\/div><div class=\"wpforms-field-row-block wpforms-one-half\"><input type=\"text\" id=\"wpforms-93-field_25-state\" class=\"wpforms-field-address-state wpforms-field-required\" name=\"wpforms[fields][25][state]\" placeholder=\"\u0130l  bilgisi\" aria-errormessage=\"wpforms-93-field_25-state-error\" aria-describedby=\"wpforms-93-field_25-description\" required><label for=\"wpforms-93-field_25-state\" class=\"wpforms-field-sublabel after wpforms-sublabel-hide\">Eyalet \/ B\u00f6lge<\/label><\/div><\/div><div id=\"wpforms-93-field_25-description\" class=\"wpforms-field-description\">Bu alan nakliye i\u00e7in ta\u015f\u0131nacak e\u015fyalar\u0131n hangi adrese ta\u015f\u0131naca\u011f\u0131 bilgisidir.<\/div><\/fieldset><\/div><div id=\"wpforms-93-field_27-container\" class=\"wpforms-field wpforms-field-textarea\" data-field-id=\"27\"><label class=\"wpforms-field-label\" for=\"wpforms-93-field_27\">Varsa ek bilgi yada not<\/label><textarea id=\"wpforms-93-field_27\" class=\"wpforms-field-medium\" name=\"wpforms[fields][27]\" aria-errormessage=\"wpforms-93-field_27-error\" aria-describedby=\"wpforms-93-field_27-description\" ><\/textarea><div id=\"wpforms-93-field_27-description\" class=\"wpforms-field-description\">\u00f6zel bir durum mevcutsa burada mutlaka belirtiniz.<\/div><\/div><\/div><div class=\"wpforms-layout-column wpforms-layout-column-50\"><\/div><\/div><\/div><\/div><!-- .wpforms-field-container --><div class=\"wpforms-recaptcha-container wpforms-is-turnstile\" ><div class=\"g-recaptcha\" data-sitekey=\"0x4AAAAAAALH3aL9dv6SmhEy\" data-action=\"FormID-93\"><\/div><input type=\"text\" name=\"g-recaptcha-hidden\" class=\"wpforms-recaptcha-hidden\" style=\"position:absolute!important;clip:rect(0,0,0,0)!important;height:1px!important;width:1px!important;border:0!important;overflow:hidden!important;padding:0!important;margin:0!important;\" data-rule-turnstile=\"1\"><\/div><div class=\"wpforms-submit-container\" ><input type=\"hidden\" name=\"wpforms[id]\" value=\"93\"><input type=\"hidden\" name=\"wpforms[author]\" value=\"1\"><button type=\"submit\" name=\"wpforms[submit]\" id=\"wpforms-submit-93\" class=\"wpforms-submit\" data-alt-text=\"G\u00f6nderiliyor...\" data-submit-text=\"G\u00f6nder\" aria-live=\"assertive\" value=\"wpforms-submit\">G\u00f6nder<\/button><img loading=\"lazy\" decoding=\"async\" src=\"https:\/\/torbalideniznakliyat.com\/wp-content\/plugins\/wpforms\/assets\/images\/submit-spin.svg\" class=\"wpforms-submit-spinner\" style=\"display: none;\" width=\"26\" height=\"26\" alt=\"Y\u00fckleniyor\" title=\"\"><\/div><\/form><\/div>  <!-- .wpforms-container -->\n\n\n<div style=\"height:84px\" aria-hidden=\"true\" class=\"wp-block-spacer\"><\/div>\n","protected":false},"excerpt":{"rendered":"<p>Teklif Formumuz, ta\u015f\u0131ma t\u00fcr\u00fc ve bilgileri hakk\u0131nda bilgilerden faydalanarak sizlere uygun fiyat teklifi sunmam\u0131z\u0131 sa\u011flar. A\u015fa\u011f\u0131daki alanlar\u0131 m\u00fcmk\u00fcn oldu\u011funca do\u011fru bir \u015fekilde girerseniz sizlere daha tutarl\u0131 bir teklif sunabiliriz. Bu form i\u00e7in girece\u011finiz ki\u015fisel bilgiler sadece daha tutarl\u0131 bir teklif sunmak ve size geri d\u00f6n\u00fc\u015f yapabilmemiz i\u00e7in teklif ge\u00e7erlilik s\u00fcresi kadar saklan\u0131r ve silinir. NOT: [&hellip;]<\/p>\n","protected":false},"author":1,"featured_media":0,"parent":0,"menu_order":0,"comment_status":"closed","ping_status":"closed","template":"no-title-space","meta":{"_themeisle_gutenberg_block_has_review":false,"footnotes":""},"class_list":["post-96","page","type-page","status-publish","hentry"],"acf":[],"_links":{"self":[{"href":"https:\/\/torbalideniznakliyat.com\/index.php\/wp-json\/wp\/v2\/pages\/96","targetHints":{"allow":["GET"]}}],"collection":[{"href":"https:\/\/torbalideniznakliyat.com\/index.php\/wp-json\/wp\/v2\/pages"}],"about":[{"href":"https:\/\/torbalideniznakliyat.com\/index.php\/wp-json\/wp\/v2\/types\/page"}],"author":[{"embeddable":true,"href":"https:\/\/torbalideniznakliyat.com\/index.php\/wp-json\/wp\/v2\/users\/1"}],"replies":[{"embeddable":true,"href":"https:\/\/torbalideniznakliyat.com\/index.php\/wp-json\/wp\/v2\/comments?post=96"}],"version-history":[{"count":5,"href":"https:\/\/torbalideniznakliyat.com\/index.php\/wp-json\/wp\/v2\/pages\/96\/revisions"}],"predecessor-version":[{"id":727,"href":"https:\/\/torbalideniznakliyat.com\/index.php\/wp-json\/wp\/v2\/pages\/96\/revisions\/727"}],"wp:attachment":[{"href":"https:\/\/torbalideniznakliyat.com\/index.php\/wp-json\/wp\/v2\/media?parent=96"}],"curies":[{"name":"wp","href":"https:\/\/api.w.org\/{rel}","templated":true}]}}